{"id":10991,"date":"2021-01-28T13:34:47","date_gmt":"2021-01-28T13:34:47","guid":{"rendered":"http:\/\/18.193.116.228\/?page_id=10991"},"modified":"2023-10-14T12:57:36","modified_gmt":"2023-10-14T10:57:36","slug":"impressum","status":"publish","type":"page","link":"https:\/\/stagewp.wowflow.com\/de\/impressum\/","title":{"rendered":"Impressum"},"content":{"rendered":"\t\t<div data-elementor-type=\"wp-page\" data-elementor-id=\"10991\" class=\"elementor elementor-10991\" data-elementor-post-type=\"page\">\n\t\t\t\t\t\t<section class=\"elementor-section elementor-top-section elementor-element elementor-element-f967fd3 elementor-section-stretched elementor-section-boxed elementor-section-height-default elementor-section-height-default\" data-id=\"f967fd3\" data-element_type=\"section\" data-settings=\"{&quot;stretch_section&quot;:&quot;section-stretched&quot;,&quot;background_background&quot;:&quot;gradient&quot;}\">\n\t\t\t\t\t\t<div class=\"elementor-container elementor-column-gap-default\">\n\t\t\t\t\t<div class=\"elementor-column elementor-col-33 elementor-top-column elementor-element elementor-element-0e88b88\" data-id=\"0e88b88\" data-element_type=\"column\">\n\t\t\t<div class=\"elementor-widget-wrap\">\n\t\t\t\t\t\t\t<\/div>\n\t\t<\/div>\n\t\t\t\t<div class=\"elementor-column elementor-col-33 elementor-top-column elementor-element elementor-element-139f61f\" data-id=\"139f61f\" data-element_type=\"column\">\n\t\t\t<div class=\"elementor-widget-wrap elementor-element-populated\">\n\t\t\t\t\t\t<div class=\"elementor-element elementor-element-c3ec6a5 elementor-widget elementor-widget-heading\" data-id=\"c3ec6a5\" data-element_type=\"widget\" data-widget_type=\"heading.default\">\n\t\t\t\t<div class=\"elementor-widget-container\">\n\t\t\t\t\t<h1 class=\"elementor-heading-title elementor-size-default\">Impressum<\/h1>\t\t\t\t<\/div>\n\t\t\t\t<\/div>\n\t\t\t\t\t<\/div>\n\t\t<\/div>\n\t\t\t\t<div class=\"elementor-column elementor-col-33 elementor-top-column elementor-element elementor-element-dd15e2b\" data-id=\"dd15e2b\" data-element_type=\"column\">\n\t\t\t<div class=\"elementor-widget-wrap\">\n\t\t\t\t\t\t\t<\/div>\n\t\t<\/div>\n\t\t\t\t\t<\/div>\n\t\t<\/section>\n\t\t\t\t<section class=\"elementor-section elementor-top-section elementor-element elementor-element-c562eb3 elementor-section-boxed elementor-section-height-default elementor-section-height-default\" data-id=\"c562eb3\" data-element_type=\"section\" data-settings=\"{&quot;background_background&quot;:&quot;classic&quot;}\">\n\t\t\t\t\t\t<div class=\"elementor-container elementor-column-gap-default\">\n\t\t\t\t\t<div class=\"elementor-column elementor-col-100 elementor-top-column elementor-element elementor-element-e14dc00\" data-id=\"e14dc00\" data-element_type=\"column\">\n\t\t\t<div class=\"elementor-widget-wrap elementor-element-populated\">\n\t\t\t\t\t\t<section class=\"elementor-section elementor-inner-section elementor-element elementor-element-3ac9d58 elementor-section-boxed elementor-section-height-default elementor-section-height-default\" data-id=\"3ac9d58\" data-element_type=\"section\">\n\t\t\t\t\t\t<div class=\"elementor-container elementor-column-gap-default\">\n\t\t\t\t\t<div class=\"elementor-column elementor-col-100 elementor-inner-column elementor-element elementor-element-54ff429\" data-id=\"54ff429\" data-element_type=\"column\">\n\t\t\t<div class=\"elementor-widget-wrap elementor-element-populated\">\n\t\t\t\t\t\t<div class=\"elementor-element elementor-element-8ec81cb elementor-widget elementor-widget-text-editor\" data-id=\"8ec81cb\" data-element_type=\"widget\" data-widget_type=\"text-editor.default\">\n\t\t\t\t<div class=\"elementor-widget-container\">\n\t\t\t\t\t\t\t\t\t<p><strong>Wowflow GmbH<\/strong><\/p>\t\t\t\t\t\t\t\t<\/div>\n\t\t\t\t<\/div>\n\t\t\t\t<div class=\"elementor-element elementor-element-7609e2e elementor-widget elementor-widget-text-editor\" data-id=\"7609e2e\" data-element_type=\"widget\" data-widget_type=\"text-editor.default\">\n\t\t\t\t<div class=\"elementor-widget-container\">\n\t\t\t\t\t\t\t\t\t<p>Margaretenstra\u00dfe 70\/1\/9<br>p\/A The Base<br>1050 Wien<br>FN 499060 m<br>Sitz und zust\u00e4ndiges Handelsgericht: Wien<br>UID: ATU73729307<\/p>\n<p>Unternehmensgegenstand: Vertrieb und Lizenzierung von IT-Lo\u0308sungen und IT-Beratung<\/p>\n<p>Aufsichtsbeh\u00f6rde: Magistrat der Stadt Wien. Kammer: Wirtschaftskammer Wien und \u00d6sterreich, Fachverband Sparte Handel, Landesgremium Wien des Handels mit Computern und B\u00fcrosystemen.<\/p>\n<p>Anwendbare Vorschriften: Gewerbeordnung 1994 (abrufbar unter <a style=\"letter-spacing: -0.53px; font-size: 1rem;\" href=\"http:\/\/www.ris.bka.gv.at\" target=\"_blank\" rel=\"noopener\">www.ris.bka.gv.at<\/a><span style=\"letter-spacing: -0.53px; font-size: 1rem;\">).<\/span><\/p>\t\t\t\t\t\t\t\t<\/div>\n\t\t\t\t<\/div>\n\t\t\t\t\t<\/div>\n\t\t<\/div>\n\t\t\t\t\t<\/div>\n\t\t<\/section>\n\t\t\t\t\t<\/div>\n\t\t<\/div>\n\t\t\t\t\t<\/div>\n\t\t<\/section>\n\t\t\t\t<\/div>\n\t\t","protected":false},"excerpt":{"rendered":"<p>Impressum Wowflow GmbH Margaretenstra\u00dfe 70\/1\/9 p\/A The Base 1050 Wien FN 499060 m Sitz und zust\u00e4ndiges Handelsgericht: Wien UID: ATU73729307 Unternehmensgegenstand: Vertrieb und Lizenzierung von IT-Lo\u0308sungen und IT-Beratung Aufsichtsbeh\u00f6rde: Magistrat der Stadt Wien. Kammer: Wirtschaftskammer Wien und \u00d6sterreich, Fachverband Sparte Handel, Landesgremium Wien des Handels mit Computern und B\u00fcrosystemen. Anwendbare Vorschriften: Gewerbeordnung 1994 (abrufbar unter [&hellip;]<\/p>\n","protected":false},"author":16,"featured_media":0,"parent":0,"menu_order":0,"comment_status":"closed","ping_status":"closed","template":"elementor_header_footer","meta":{"content-type":"","inline_featured_image":false,"footnotes":""},"pagetype":[],"class_list":["post-10991","page","type-page","status-publish","hentry"],"_links":{"self":[{"href":"https:\/\/stagewp.wowflow.com\/de\/wp-json\/wp\/v2\/pages\/10991","targetHints":{"allow":["GET"]}}],"collection":[{"href":"https:\/\/stagewp.wowflow.com\/de\/wp-json\/wp\/v2\/pages"}],"about":[{"href":"https:\/\/stagewp.wowflow.com\/de\/wp-json\/wp\/v2\/types\/page"}],"author":[{"embeddable":true,"href":"https:\/\/stagewp.wowflow.com\/de\/wp-json\/wp\/v2\/users\/16"}],"replies":[{"embeddable":true,"href":"https:\/\/stagewp.wowflow.com\/de\/wp-json\/wp\/v2\/comments?post=10991"}],"version-history":[{"count":0,"href":"https:\/\/stagewp.wowflow.com\/de\/wp-json\/wp\/v2\/pages\/10991\/revisions"}],"wp:attachment":[{"href":"https:\/\/stagewp.wowflow.com\/de\/wp-json\/wp\/v2\/media?parent=10991"}],"wp:term":[{"taxonomy":"pagetype","embeddable":true,"href":"https:\/\/stagewp.wowflow.com\/de\/wp-json\/wp\/v2\/pagetype?post=10991"}],"curies":[{"name":"wp","href":"https:\/\/api.w.org\/{rel}","templated":true}]}}