{"id":11142,"date":"2021-01-28T14:49:41","date_gmt":"2021-01-28T14:49:41","guid":{"rendered":"http:\/\/18.193.116.228\/?page_id=11142"},"modified":"2023-10-14T12:55:10","modified_gmt":"2023-10-14T10:55:10","slug":"datenschutz-bestimmungen","status":"publish","type":"page","link":"https:\/\/stagewp.wowflow.com\/de\/datenschutz-bestimmungen\/","title":{"rendered":"Datenschutz-Bestimmungen"},"content":{"rendered":"\t\t<div data-elementor-type=\"wp-page\" data-elementor-id=\"11142\" class=\"elementor elementor-11142\" data-elementor-post-type=\"page\">\n\t\t\t\t\t\t<section class=\"elementor-section elementor-top-section elementor-element elementor-element-f967fd3 elementor-section-stretched elementor-section-boxed elementor-section-height-default elementor-section-height-default\" data-id=\"f967fd3\" data-element_type=\"section\" data-settings=\"{&quot;stretch_section&quot;:&quot;section-stretched&quot;,&quot;background_background&quot;:&quot;gradient&quot;}\">\n\t\t\t\t\t\t<div class=\"elementor-container elementor-column-gap-default\">\n\t\t\t\t\t<div class=\"elementor-column elementor-col-33 elementor-top-column elementor-element elementor-element-0e88b88\" data-id=\"0e88b88\" data-element_type=\"column\">\n\t\t\t<div class=\"elementor-widget-wrap\">\n\t\t\t\t\t\t\t<\/div>\n\t\t<\/div>\n\t\t\t\t<div class=\"elementor-column elementor-col-33 elementor-top-column elementor-element elementor-element-139f61f\" data-id=\"139f61f\" data-element_type=\"column\">\n\t\t\t<div class=\"elementor-widget-wrap elementor-element-populated\">\n\t\t\t\t\t\t<div class=\"elementor-element elementor-element-c3ec6a5 elementor-widget elementor-widget-heading\" data-id=\"c3ec6a5\" data-element_type=\"widget\" data-widget_type=\"heading.default\">\n\t\t\t\t<div class=\"elementor-widget-container\">\n\t\t\t\t\t<h1 class=\"elementor-heading-title elementor-size-default\">Datenschutzerkl\u00e4rung<\/h1>\t\t\t\t<\/div>\n\t\t\t\t<\/div>\n\t\t\t\t<div class=\"elementor-element elementor-element-8ec81cb elementor-widget elementor-widget-text-editor\" data-id=\"8ec81cb\" data-element_type=\"widget\" data-widget_type=\"text-editor.default\">\n\t\t\t\t<div class=\"elementor-widget-container\">\n\t\t\t\t\t\t\t\t\t<p>Wowflow GmbH<\/p>\t\t\t\t\t\t\t\t<\/div>\n\t\t\t\t<\/div>\n\t\t\t\t\t<\/div>\n\t\t<\/div>\n\t\t\t\t<div class=\"elementor-column elementor-col-33 elementor-top-column elementor-element elementor-element-dd15e2b\" data-id=\"dd15e2b\" data-element_type=\"column\">\n\t\t\t<div class=\"elementor-widget-wrap\">\n\t\t\t\t\t\t\t<\/div>\n\t\t<\/div>\n\t\t\t\t\t<\/div>\n\t\t<\/section>\n\t\t\t\t<section class=\"elementor-section elementor-top-section elementor-element elementor-element-c562eb3 elementor-section-boxed elementor-section-height-default elementor-section-height-default\" data-id=\"c562eb3\" data-element_type=\"section\" data-settings=\"{&quot;background_background&quot;:&quot;classic&quot;}\">\n\t\t\t\t\t\t<div class=\"elementor-container elementor-column-gap-default\">\n\t\t\t\t\t<div class=\"elementor-column elementor-col-100 elementor-top-column elementor-element elementor-element-e14dc00\" data-id=\"e14dc00\" data-element_type=\"column\">\n\t\t\t<div class=\"elementor-widget-wrap elementor-element-populated\">\n\t\t\t\t\t\t<section class=\"elementor-section elementor-inner-section elementor-element elementor-element-3ac9d58 elementor-section-boxed elementor-section-height-default elementor-section-height-default\" data-id=\"3ac9d58\" data-element_type=\"section\">\n\t\t\t\t\t\t<div class=\"elementor-container elementor-column-gap-default\">\n\t\t\t\t\t<div class=\"elementor-column elementor-col-100 elementor-inner-column elementor-element elementor-element-54ff429\" data-id=\"54ff429\" data-element_type=\"column\">\n\t\t\t<div class=\"elementor-widget-wrap elementor-element-populated\">\n\t\t\t\t\t\t<div class=\"elementor-element elementor-element-ad99f20 elementor-widget elementor-widget-text-editor\" data-id=\"ad99f20\" data-element_type=\"widget\" data-widget_type=\"text-editor.default\">\n\t\t\t\t<div class=\"elementor-widget-container\">\n\t\t\t\t\t\t\t\t\t<p>Der Schutz Ihrer pers\u00f6nlichen Daten ist uns wichtig. Wir verarbeiten Ihre Daten ausschlie\u00dflich im Rahmen der gesetzlichen Bestimmungen (DSGVO, DSG 2000, TKG 2003). Nachfolgend informieren wir Sie \u00fcber die wichtigsten Aspekte der Datenverarbeitung im Rahmen unserer Website.<\/p><p><span style=\"display: inline !important;\"><span style=\"color: #291a53;\"><b>F\u00fcr die Datenverarbeitung Verantwortlicher<\/b><\/span><\/span><strong>:<\/strong><\/p><p>Wowflow GmbH<br \/>FN 499060 m<br \/>Margaretenstra\u00dfe 70\/1\/9<br \/>p\/A The Base<br \/>1050 Wien<br \/>Email: <a href=\"mailto:hello@wowflow.com\">hello@wowflow.com<\/a><br \/>Telefon: <a href=\"tel:+436605452526\">+43 660 545 25 26<\/a><\/p><p><strong>Datenschutzbeauftragter<\/strong><\/p><p>Ein Datenschutzbeauftragter wurde nicht bestellt.<\/p><p style=\"letter-spacing: -0.2px;\"><span style=\"font-weight: bold; clear: both; color: var(--heading-color);\">Kontakt mit uns<\/span><\/p><p style=\"letter-spacing: -0.2px;\">Wenn Sie per Formular auf der Website oder per E-Mail-Kontakt mit uns aufnehmen, werden Ihre angegebenen Daten zwecks Bearbeitung der Anfrage und f\u00fcr den Fall von weiteren Fragen 24 Monate bei uns gespeichert. Diese Daten geben wir nicht ohne Ihre Einwilligung weiter.<\/p><p style=\"letter-spacing: -0.2px;\"><strong>Nutzung der Website<\/strong><\/p><p style=\"letter-spacing: -0.2px;\">Die Nutzung unserer Website ist in der Regel ohne Angabe personenbezogener Daten m\u00f6glich. Soweit auf unsere Website personenbezogene Daten erhoben werden, erfolgt dies auf Grundlage dieser Datenschutzerkl\u00e4rung und, soweit m\u00f6glich, stets auf freiwilliger Basis.<br \/>Wir weisen darauf hin, dass die Daten\u00fcbertragung im Internet (z.B. bei der Kommunikation per E-Mail) Sicherheitsl\u00fccken aufweisen kann. Ein l\u00fcckenloser Schutz der Daten vor dem Zugriff durch Dritte ist technisch nicht m\u00f6glich.<br \/>Aus technischen Gr\u00fcnden werden u.a. folgende Daten, die Ihr Internet-Browser an uns bzw. an unseren Webspace-Provider \u00fcbermittelt, erfasst (sogenannte Serverlogfiles):<\/p><ul><li style=\"letter-spacing: -0.2px;\">Browsertyp und -version<\/li><li style=\"letter-spacing: -0.2px;\">verwendetes Betriebssystem<\/li><li style=\"letter-spacing: -0.2px;\">Webseite, von der aus Sie uns besuchen (Referrer URL)<\/li><li style=\"letter-spacing: -0.2px;\">Webseite, die Sie besuchen<\/li><li style=\"letter-spacing: -0.2px;\">Datum und Uhrzeit Ihres Zugriffs<\/li><li style=\"letter-spacing: -0.2px;\">Ihre Internet Protocol (IP)-Adresse.<\/li><\/ul><p style=\"letter-spacing: -0.2px;\">Diese anonymen Daten werden getrennt von Ihren eventuell angegebenen personenbezogenen Daten gespeichert und lassen so keine R\u00fcckschl\u00fcsse auf eine bestimmte Person zu. Sie werden zu statistischen Zwecken ausgewertet, um unseren Internetauftritt und unsere Angebote optimieren zu k\u00f6nnen.<\/p><p><strong>Cookies<\/strong><\/p><p>Unsere Website verwendet Cookies. Dabei handelt es sich um kleine Textdateien, die mit Hilfe des Browsers auf Ihrem Endger\u00e4t abgelegt werden. Sie richten keinen Schaden an Ihrem Endger\u00e4t an.<br \/>Wir nutzen Cookies dazu, unser Angebot nutzerfreundlich zu gestalten. Einige Cookies bleiben auf Ihrem Endger\u00e4t gespeichert, bis Sie diese l\u00f6schen. Dies erm\u00f6glicht uns, Ihren Browser beim n\u00e4chsten Besuch wiederzuerkennen.<br \/>Wenn Sie dies nicht w\u00fcnschen, k\u00f6nnen Sie Ihren Browser so einrichten, dass er Sie \u00fcber das Setzen von Cookies informiert und Sie dies nur im Einzelfall zulassen.<br \/>Bei der Deaktivierung von Cookies kann die Funktionalit\u00e4t unserer Website eingeschr\u00e4nkt sein<span style=\"letter-spacing: -0.53px; font-size: 1rem;\">.<\/span><\/p><p><strong>Web-Analyse<\/strong><\/p><p><span style=\"font-weight: 400;\">Unsere Website verwendet auf Grundlage unserer berechtigten Interessen (d.h. Interesse an der Analyse, Optimierung und wirtschaftlichem Betrieb unseres Onlineangebotes im Sinne des Art. 6 Abs. 1 lit. f. DSGVO) Funktionen des Webanalysedienstes Google Analytics. Google Analytics ist ein Webanalysedienst, der von Google LLC (1600 Amphitheatre Parkway, Mountain View, CA 94043, United States) betrieben und bereitgestellt wird.\u00a0<\/span><\/p><p><span style=\"font-weight: 400;\">Die Daten\u00fcbermittlung erfolgt auf Basis von Standarddatenschutzklauseln der EU-Kommission iSd Art 46 Abs 2 lit c DSGVO (Standardvertragsklauseln f\u00fcr die \u00dcbermittlung personenbezogener Daten aus der Gemeinschaft in Drittl\u00e4nder \u2013 n\u00e4here Informationen finden Sie unter\u00a0<\/span><span style=\"font-weight: 400;\">https:\/\/ec.europa.eu\/info\/law\/law-topic\/data-protection\/data-transfers-\u2026<\/span><span style=\"font-weight: 400;\">).<\/span><\/p><p><span style=\"font-weight: 400;\">Google verarbeitet die Daten zur Website-Nutzung in unserem Auftrag und verpflichtet sich vertraglich zu Ma\u00dfnahmen, um die Vertraulichkeit der verarbeiteten Daten zu gew\u00e4hrleisten. Dazu werden Cookies verwendet, die eine Analyse der Benutzung der Website durch ihre BenutzerInnen erm\u00f6glicht. Die dadurch erzeugten Informationen \u00fcber die Benutzung unseres Onlineangebotes werden auf den Server von Google in den USA \u00fcbertragen und dort gespeichert.<\/span><\/p><p><span style=\"font-weight: 400;\">Google wird diese Informationen in unserem Auftrag benutzen, um die Nutzung unseres Onlineangebotes durch die Nutzer auszuwerten, um Reports \u00fcber die Aktivit\u00e4ten innerhalb dieses Onlineangebotes zusammenzustellen und um weitere, mit der Nutzung dieses Onlineangebotes und der Internetnutzung verbundene Dienstleistungen, uns gegen\u00fcber zu erbringen. Dabei k\u00f6nnen aus den verarbeiteten Daten pseudonyme Nutzungsprofile der Nutzer erstellt werden.<\/span><\/p><p><span style=\"font-weight: 400;\">Wir setzen Google Analytics nur mit aktivierter IP-Anonymisierung ein. Das bedeutet, die IP-Adresse der Nutzer wird von Google innerhalb von Mitgliedstaaten der Europ\u00e4ischen Union oder in anderen Vertragsstaaten des Abkommens \u00fcber den Europ\u00e4ischen Wirtschaftsraum gek\u00fcrzt. Nur in Ausnahmef\u00e4llen wird die volle IP-Adresse an einen Server von Google in den USA \u00fcbertragen und dort gek\u00fcrzt.<\/span><\/p><p><span style=\"font-weight: 400;\">Die von dem Browser des Nutzers \u00fcbermittelte IP-Adresse wird, nach eigenen Angaben von Google, nicht mit anderen Daten von Google zusammengef\u00fchrt. Die Nutzer k\u00f6nnen die Speicherung der Cookies durch eine entsprechende Einstellung ihrer Browser-Software verhindern; die Nutzer k\u00f6nnen dar\u00fcber hinaus die Erfassung der durch das Cookie erzeugten und auf ihre Nutzung des Onlineangebotes bezogenen Daten an Google sowie die Verarbeitung dieser Daten durch Google verhindern, indem sie das unter folgendem Link verf\u00fcgbare Browser-Plugin herunterladen und installieren:\u00a0<\/span><a href=\"http:\/\/tools.google.com\/dlpage\/gaoptout?hl=de\" target=\"_blank\" rel=\"noopener\"><span style=\"font-weight: 400;\">http:\/\/tools.google.com\/dlpage\/gaoptout?hl=de<\/span><\/a><span style=\"font-weight: 400;\">.<\/span><\/p><p><span style=\"font-weight: 400;\">Zus\u00e4tzlich oder als Alternative zum Browser-Add-On k\u00f6nnen Sie das Tracking durch Google Analytics auf unseren Seiten unterbinden, indem Sie diesen Link anklicken. Dabei wird ein Opt-Out-Cookie auf Ihrem Ger\u00e4t installiert. Damit wird die Erfassung durch Google Analytics f\u00fcr diese Website und f\u00fcr diesen Browser zuk\u00fcnftig verhindert, so lange der Cookie in Ihrem Browser installiert bleibt.<\/span><\/p><p><span style=\"font-weight: 400;\">Weitere Informationen zur Datennutzung durch Google, Einstellungs- und Widerspruchsm\u00f6glichkeiten, erfahren Sie in der Datenschutzerkl\u00e4rung von Google (<\/span><a href=\"https:\/\/policies.google.com\/technologies\/ads\" target=\"_blank\" rel=\"noopener\"><span style=\"font-weight: 400;\">https:\/\/policies.google.com\/technologies\/ads<\/span><\/a><span style=\"font-weight: 400;\">) sowie in den Einstellungen f\u00fcr die Darstellung von Werbeeinblendungen durch Google (<\/span><a href=\"https:\/\/adssettings.google.com\/authenticated\" target=\"_blank\" rel=\"noopener\"><span style=\"font-weight: 400;\">https:\/\/adssettings.google.com\/authenticated<\/span><\/a><span style=\"font-weight: 400;\">).<\/span><\/p><p><span style=\"font-weight: 400;\">Die personenbezogenen Daten der Nutzer werden nach 24 Monaten gel\u00f6scht oder anonymisiert.<\/span><\/p><ul><li>Google Ads \/ Optimize<\/li><li>Google Tag Manager<\/li><li>Facebook<\/li><li>Hotjar<\/li><li>LinkedIn<\/li><\/ul><p><strong>1. Betroffenenrechte<br \/><\/strong><em>a. Auskunftsrecht<\/em><br \/>Sie haben das Recht auf Auskunft \u00fcber die von Wowflow GmbH verarbeiteten personenbezogenen Daten.<\/p><p><em>b. Recht auf Berichtigung<\/em><br \/>Sie haben weiters das Recht, die Berichtigung sie betreffender unrichtiger personenbezogener Daten sowie die Vervollst\u00e4ndigung unvollst\u00e4ndiger personenbezogener Daten zu verlangen.<\/p><p><em>c. Recht auf L\u00f6schung<\/em><br \/>Sie sind berechtigt, die L\u00f6schung der sie betreffenden personenbezogenen Daten zu verlangen. Wir werden Ihre personenbezogenen Daten l\u00f6schen, wenn<br \/>die personenbezogenen Daten f\u00fcr die Zwecke, f\u00fcr die sie erhoben oder auf sonstige Weise verarbeitet wurden, nicht mehr notwendig sind;<br \/>eine f\u00fcr die Verarbeitung erforderliche Einwilligung widerrufen wird;<br \/>die personenbezogenen Daten unrechtm\u00e4\u00dfig verarbeitet wurden;<br \/>die L\u00f6schung der personenbezogenen Daten zur Erf\u00fcllung einer gesetzlichen Verpflichtung erforderlich ist.<br \/>Von der L\u00f6schung ausgenommen sind Daten, die Wowflow GmbH zur Geltendmachung, Aus\u00fcbung oder Verteidigung von Rechtsanspr\u00fcchen ben\u00f6tigt sowie Daten, die Wowflow GmbH aufgrund zwingender Bestimmungen aufbewahren muss.<\/p><p><em>d. Widerruf`srecht<\/em><br \/>Sie k\u00f6nnen eine etwaig erteilte Einwilligung in die Erhebung und Speicherung Ihrer personenbezogenen Daten jederzeit ganz oder teilweise mit Wirkung f\u00fcr die Zukunft widerrufen. Im Fall Ihres Widerrufs k\u00f6nnen gegebenenfalls bestimmte Dienste nicht mehr oder nur noch eingeschr\u00e4nkt erbracht werden.<\/p><p><em>e. Weitere Betroffenenrechte<\/em><br \/>Ihnen kann weiterhin ein Recht auf Einschr\u00e4nkung der Verarbeitung Ihrer Daten sowie ein Recht auf Erhalt der von Ihnen bereitgestellten personenbezogenen Daten in einem strukturierten, g\u00e4ngigen und maschinenlesbaren Format zustehen.<\/p><p><em>f. Geltendmachung der Rechte<\/em><br \/>Erkl\u00e4rungen bzw Anfragen nach diesem Punkt der Datenschutzerkl\u00e4rung sind schriftlich an den am Beginn dieser Datenschutzerkl\u00e4rung genannten Verantwortlichen zu richten.<\/p><p><strong>2. Beschwerderecht<\/strong><br \/>Wenn Sie glauben, dass die Verarbeitung Ihrer Daten gegen das Datenschutzrecht verst\u00f6\u00dft oder Ihre datenschutzrechtlichen Anspr\u00fcche in einer anderen Weise verletzt worden sind, haben sie das Recht, sich mit einer Beschwerde an die Datenschutzbeh\u00f6rde zu wenden.<br \/>Beschwerden sind zu richten an:<\/p><p>\u00d6sterreichische Datenschutzbeh\u00f6rde<br \/>Barichgasse 40-42<br \/>1030 Wien<br \/>Telefon: <a href=\"tel:+43152152-0\">+43152152-0<\/a><br \/>E-Mail: <a href=\"mailto:dsb@dsb.gv.at\">dsb@dsb.gv.at<\/a><\/p><p><strong>3. \u00c4nderungen dieser Datenschutzerkl\u00e4rung<\/strong><br \/>Wowflow GmbH beh\u00e4lt sich das Recht vor, diese Datenschutzerkl\u00e4rung nach Bedarf, insbesondere bei \u00c4nderung von datenschutzrechtlichen Anforderungen, anzupassen. Die Anpassung wird vorbehaltlich abweichender zwingender gesetzlicher Bestimmungen mit der Ver\u00f6ffentlichung auf unserer Website wirksam.<\/p>\t\t\t\t\t\t\t\t<\/div>\n\t\t\t\t<\/div>\n\t\t\t\t\t<\/div>\n\t\t<\/div>\n\t\t\t\t\t<\/div>\n\t\t<\/section>\n\t\t\t\t\t<\/div>\n\t\t<\/div>\n\t\t\t\t\t<\/div>\n\t\t<\/section>\n\t\t\t\t<\/div>\n\t\t","protected":false},"excerpt":{"rendered":"<p>Datenschutzerkl\u00e4rung Wowflow GmbH Der Schutz Ihrer pers\u00f6nlichen Daten ist uns wichtig. Wir verarbeiten Ihre Daten ausschlie\u00dflich im Rahmen der gesetzlichen Bestimmungen (DSGVO, DSG 2000, TKG 2003). Nachfolgend informieren wir Sie \u00fcber die wichtigsten Aspekte der Datenverarbeitung im Rahmen unserer Website. F\u00fcr die Datenverarbeitung Verantwortlicher: Wowflow GmbH FN 499060 m Margaretenstra\u00dfe 70\/1\/9 p\/A The Base 1050 [&hellip;]<\/p>\n","protected":false},"author":16,"featured_media":0,"parent":0,"menu_order":0,"comment_status":"closed","ping_status":"closed","template":"elementor_header_footer","meta":{"content-type":"","inline_featured_image":false,"footnotes":""},"pagetype":[],"class_list":["post-11142","page","type-page","status-publish","hentry"],"_links":{"self":[{"href":"https:\/\/stagewp.wowflow.com\/de\/wp-json\/wp\/v2\/pages\/11142","targetHints":{"allow":["GET"]}}],"collection":[{"href":"https:\/\/stagewp.wowflow.com\/de\/wp-json\/wp\/v2\/pages"}],"about":[{"href":"https:\/\/stagewp.wowflow.com\/de\/wp-json\/wp\/v2\/types\/page"}],"author":[{"embeddable":true,"href":"https:\/\/stagewp.wowflow.com\/de\/wp-json\/wp\/v2\/users\/16"}],"replies":[{"embeddable":true,"href":"https:\/\/stagewp.wowflow.com\/de\/wp-json\/wp\/v2\/comments?post=11142"}],"version-history":[{"count":0,"href":"https:\/\/stagewp.wowflow.com\/de\/wp-json\/wp\/v2\/pages\/11142\/revisions"}],"wp:attachment":[{"href":"https:\/\/stagewp.wowflow.com\/de\/wp-json\/wp\/v2\/media?parent=11142"}],"wp:term":[{"taxonomy":"pagetype","embeddable":true,"href":"https:\/\/stagewp.wowflow.com\/de\/wp-json\/wp\/v2\/pagetype?post=11142"}],"curies":[{"name":"wp","href":"https:\/\/api.w.org\/{rel}","templated":true}]}}