{"id":32683,"date":"2023-08-10T19:09:48","date_gmt":"2023-08-10T17:09:48","guid":{"rendered":"https:\/\/wowflow.com\/?page_id=32683"},"modified":"2025-03-11T02:19:41","modified_gmt":"2025-03-11T00:19:41","slug":"gebaeudereinigung","status":"publish","type":"page","link":"https:\/\/stagewp.wowflow.com\/de\/gebaeudereinigung\/","title":{"rendered":"Professionelle Geb\u00e4udereinigung \u2013 ein Muss f\u00fcr Ihr Unternehmen!"},"content":{"rendered":"\t\t<div data-elementor-type=\"wp-page\" data-elementor-id=\"32683\" class=\"elementor elementor-32683\" data-elementor-post-type=\"page\">\n\t\t\t\t<div class=\"elementor-element elementor-element-3e4074fd e-flex e-con-boxed e-con e-parent\" data-id=\"3e4074fd\" data-element_type=\"container\" data-settings=\"{&quot;background_background&quot;:&quot;classic&quot;}\">\n\t\t\t\t\t<div class=\"e-con-inner\">\n\t\t<div class=\"elementor-element elementor-element-39cfc67d e-con-full e-flex e-con e-child\" data-id=\"39cfc67d\" data-element_type=\"container\">\n\t\t\t\t<div class=\"elementor-element elementor-element-cfd66bd elementor-widget elementor-widget-text-editor\" data-id=\"cfd66bd\" data-element_type=\"widget\" data-widget_type=\"text-editor.default\">\n\t\t\t\t<div class=\"elementor-widget-container\">\n\t\t\t\t\t\t\t\t\t<p><b>Professionelle Geb\u00e4udereinigung ist ein unverzichtbarer Bestandteil der Immobilienpflege. Mit einer fachkundigen Reinigung wird nicht nur die Optik des Geb\u00e4udes verbessert, sondern auch die Werterhaltung des Objekts gef\u00f6rdert.<\/b><\/p>\t\t\t\t\t\t\t\t<\/div>\n\t\t\t\t<\/div>\n\t\t\t\t<div class=\"elementor-element elementor-element-12e51a2 elementor-widget elementor-widget-table-of-contents\" data-id=\"12e51a2\" data-element_type=\"widget\" data-settings=\"{&quot;exclude_headings_by_selector&quot;:[],&quot;collapse_subitems&quot;:&quot;yes&quot;,&quot;headings_by_tags&quot;:[&quot;h2&quot;,&quot;h3&quot;,&quot;h4&quot;,&quot;h5&quot;,&quot;h6&quot;],&quot;marker_view&quot;:&quot;numbers&quot;,&quot;no_headings_message&quot;:&quot;Es wurden keine \\u00dcberschriften auf dieser Seite gefunden.&quot;,&quot;hierarchical_view&quot;:&quot;yes&quot;,&quot;min_height&quot;:{&quot;unit&quot;:&quot;px&quot;,&quot;size&quot;:&quot;&quot;,&quot;sizes&quot;:[]},&quot;min_height_tablet&quot;:{&quot;unit&quot;:&quot;px&quot;,&quot;size&quot;:&quot;&quot;,&quot;sizes&quot;:[]},&quot;min_height_mobile&quot;:{&quot;unit&quot;:&quot;px&quot;,&quot;size&quot;:&quot;&quot;,&quot;sizes&quot;:[]}}\" data-widget_type=\"table-of-contents.default\">\n\t\t\t\t<div class=\"elementor-widget-container\">\n\t\t\t\t\t\t\t<div class=\"elementor-toc__header\">\n\t\t\t<div class=\"elementor-toc__header-title\">\n\t\t\t\tInhalts\u00fcbersicht\t\t\t<\/div>\n\t\t\t\t\t<\/div>\n\t\t<div id=\"elementor-toc__12e51a2\" class=\"elementor-toc__body elementor-toc__list-items--collapsible\">\n\t\t\t<div class=\"elementor-toc__spinner-container\">\n\t\t\t\t<svg class=\"elementor-toc__spinner eicon-animation-spin e-font-icon-svg e-eicon-loading\" aria-hidden=\"true\" viewBox=\"0 0 1000 1000\" xmlns=\"http:\/\/www.w3.org\/2000\/svg\"><path d=\"M500 975V858C696 858 858 696 858 500S696 142 500 142 142 304 142 500H25C25 237 238 25 500 25S975 237 975 500 763 975 500 975Z\"><\/path><\/svg>\t\t\t<\/div>\n\t\t<\/div>\n\t\t\t\t\t\t<\/div>\n\t\t\t\t<\/div>\n\t\t\t\t<div class=\"elementor-element elementor-element-0f8c30f elementor-widget elementor-widget-heading\" data-id=\"0f8c30f\" data-element_type=\"widget\" data-stuff=\"some-stuff-here\" data-widget_type=\"heading.default\">\n\t\t\t\t<div class=\"elementor-widget-container\">\n\t\t\t\t\t<h2 class=\"elementor-heading-title elementor-size-default\">Was ist professionelle Geb\u00e4udereinigung?<\/h2>\t\t\t\t<\/div>\n\t\t\t\t<\/div>\n\t\t\t\t<div class=\"elementor-element elementor-element-e2219d6 elementor-widget elementor-widget-text-editor\" data-id=\"e2219d6\" data-element_type=\"widget\" data-widget_type=\"text-editor.default\">\n\t\t\t\t<div class=\"elementor-widget-container\">\n\t\t\t\t\t\t\t\t\t<div class=\"preview__inner-2\"><div class=\"cl-preview-section\"><p>Eine professionelle Geb\u00e4udereinigung garantiert eine gr\u00fcndliche und effiziente Reinigung aller R\u00e4umlichkeiten. Hierzu geh\u00f6ren etwa die Reinigung von sanit\u00e4ren Anlagen, Fenstern und Fassaden sowie die Entfernung von Schmutz und Staub in Heizungs- und L\u00fcftungsanlagen.<\/p><\/div><\/div>\t\t\t\t\t\t\t\t<\/div>\n\t\t\t\t<\/div>\n\t\t\t\t<div class=\"elementor-element elementor-element-01c72db elementor-widget elementor-widget-heading\" data-id=\"01c72db\" data-element_type=\"widget\" data-widget_type=\"heading.default\">\n\t\t\t\t<div class=\"elementor-widget-container\">\n\t\t\t\t\t<h2 class=\"elementor-heading-title elementor-size-default\">Warum ist eine professionelle Geb\u00e4udereinigung f\u00fcr Immobilien unerl\u00e4sslich?<\/h2>\t\t\t\t<\/div>\n\t\t\t\t<\/div>\n\t\t\t\t<div class=\"elementor-element elementor-element-b8e36f3 elementor-widget elementor-widget-image\" data-id=\"b8e36f3\" data-element_type=\"widget\" data-widget_type=\"image.default\">\n\t\t\t\t<div class=\"elementor-widget-container\">\n\t\t\t\t\t\t\t\t\t\t\t\t\t\t\t<img loading=\"lazy\" decoding=\"async\" width=\"800\" height=\"450\" src=\"https:\/\/stagewp.wowflow.com\/wp-content\/uploads\/2023\/09\/Wowflow-Commercial-Cleaning-Real-Estate-1024x576.webp\" class=\"attachment-large size-large wp-image-36383\" alt=\"\" srcset=\"https:\/\/stagewp.wowflow.com\/wp-content\/uploads\/2023\/09\/Wowflow-Commercial-Cleaning-Real-Estate-1024x576.webp 1024w, https:\/\/stagewp.wowflow.com\/wp-content\/uploads\/2023\/09\/Wowflow-Commercial-Cleaning-Real-Estate-300x169.webp 300w, https:\/\/stagewp.wowflow.com\/wp-content\/uploads\/2023\/09\/Wowflow-Commercial-Cleaning-Real-Estate-768x432.webp 768w, https:\/\/stagewp.wowflow.com\/wp-content\/uploads\/2023\/09\/Wowflow-Commercial-Cleaning-Real-Estate.webp 1536w\" sizes=\"auto, (max-width: 800px) 100vw, 800px\" \/>\t\t\t\t\t\t\t\t\t\t\t\t\t\t\t<\/div>\n\t\t\t\t<\/div>\n\t\t\t\t<div class=\"elementor-element elementor-element-6783798 elementor-widget elementor-widget-text-editor\" data-id=\"6783798\" data-element_type=\"widget\" data-widget_type=\"text-editor.default\">\n\t\t\t\t<div class=\"elementor-widget-container\">\n\t\t\t\t\t\t\t\t\t<p>Eine regelm\u00e4\u00dfige Geb\u00e4udereinigung verbessert nicht nur das Erscheinungsbild des Geb\u00e4udes, sondern tr\u00e4gt auch zur Werterhaltung bei.<\/p><p>Bei einer professionellen Reinigung werden alle Bereiche des Geb\u00e4udes, einschlie\u00dflich schwer zug\u00e4nglicher Stellen und Oberfl\u00e4chen, gr\u00fcndlich gereinigt und desinfiziert.<\/p><p>Dadurch k\u00f6nnen Schimmel, Bakterien und Keime effektiv bek\u00e4mpft werden. Durch die regelm\u00e4\u00dfige Pflege der B\u00f6den und Fenster wird zudem die Lebensdauer dieser Bauteile verl\u00e4ngert.<\/p><p>Um eine effiziente und gr\u00fcndliche Geb\u00e4udereinigung zu gew\u00e4hrleisten, bedarf es einer sorgf\u00e4ltigen Planung und Organisation.<\/p><p>In unseren Artikeln finden Sie wichtige Informationen rund um das Thema Geb\u00e4udereinigung.<\/p>\t\t\t\t\t\t\t\t<\/div>\n\t\t\t\t<\/div>\n\t\t<div class=\"elementor-element elementor-element-274e40da e-con-full e-flex e-con e-child\" data-id=\"274e40da\" data-element_type=\"container\" data-settings=\"{&quot;background_background&quot;:&quot;classic&quot;}\">\n\t\t\t\t<div class=\"elementor-element elementor-element-6886b26 elementor-grid-3 elementor-grid-tablet-2 elementor-grid-mobile-1 elementor-posts--thumbnail-top elementor-widget elementor-widget-posts\" data-id=\"6886b26\" data-element_type=\"widget\" data-settings=\"{&quot;classic_columns&quot;:&quot;3&quot;,&quot;classic_columns_tablet&quot;:&quot;2&quot;,&quot;classic_columns_mobile&quot;:&quot;1&quot;,&quot;classic_row_gap&quot;:{&quot;unit&quot;:&quot;px&quot;,&quot;size&quot;:35,&quot;sizes&quot;:[]},&quot;classic_row_gap_tablet&quot;:{&quot;unit&quot;:&quot;px&quot;,&quot;size&quot;:&quot;&quot;,&quot;sizes&quot;:[]},&quot;classic_row_gap_mobile&quot;:{&quot;unit&quot;:&quot;px&quot;,&quot;size&quot;:&quot;&quot;,&quot;sizes&quot;:[]}}\" data-widget_type=\"posts.classic\">\n\t\t\t\t<div class=\"elementor-widget-container\">\n\t\t\t\t\t\t\t<div class=\"elementor-posts-container elementor-posts elementor-posts--skin-classic elementor-grid\">\n\t\t\t\t<article class=\"elementor-post elementor-grid-item post-21179 post type-post status-publish format-standard has-post-thumbnail hentry category-gebaeudereinigung\">\n\t\t\t\t<a class=\"elementor-post__thumbnail__link\" href=\"https:\/\/stagewp.wowflow.com\/de\/gebaeudereinigung\/zeiterfassung\/\" tabindex=\"-1\">\n\t\t\t<div class=\"elementor-post__thumbnail\"><img loading=\"lazy\" decoding=\"async\" width=\"768\" height=\"430\" src=\"https:\/\/stagewp.wowflow.com\/wp-content\/uploads\/2022\/12\/Wowflow-Zeiterfassung-Hero-picture-768x430.webp?wsr\" class=\"attachment-medium_large size-medium_large wp-image-43774\" alt=\"\" srcset=\"https:\/\/stagewp.wowflow.com\/wp-content\/uploads\/2022\/12\/Wowflow-Zeiterfassung-Hero-picture-768x430.webp 768w, https:\/\/stagewp.wowflow.com\/wp-content\/uploads\/2022\/12\/Wowflow-Zeiterfassung-Hero-picture-300x168.webp 300w, https:\/\/stagewp.wowflow.com\/wp-content\/uploads\/2022\/12\/Wowflow-Zeiterfassung-Hero-picture-1024x574.webp 1024w, https:\/\/stagewp.wowflow.com\/wp-content\/uploads\/2022\/12\/Wowflow-Zeiterfassung-Hero-picture-1536x861.webp 1536w, https:\/\/stagewp.wowflow.com\/wp-content\/uploads\/2022\/12\/Wowflow-Zeiterfassung-Hero-picture-2048x1148.webp 2048w\" sizes=\"auto, (max-width: 768px) 100vw, 768px\" \/><\/div>\n\t\t<\/a>\n\t\t\t\t<div class=\"elementor-post__text\">\n\t\t\t\t<h3 class=\"elementor-post__title\">\n\t\t\t<a href=\"https:\/\/stagewp.wowflow.com\/de\/gebaeudereinigung\/zeiterfassung\/\">\n\t\t\t\tZeiterfassung in der Geb\u00e4udereinigung &#8211; per Stundenzettel oder lieber voll-integriert?\t\t\t<\/a>\n\t\t<\/h3>\n\t\t\t\t<div class=\"elementor-post__excerpt\">\n\t\t\t<p>Die Zeiterfassung ist ein nicht ganz unproblematisches Thema in jeder Reinigungsfirma, die Mitarbeiter*innen besch\u00e4ftigt. Warum das so ist? Ein Gro\u00dfteil der in der Geb\u00e4udereinigung angestellten<\/p>\n\t\t<\/div>\n\t\t\t\t<\/div>\n\t\t\t\t<\/article>\n\t\t\t\t<article class=\"elementor-post elementor-grid-item post-20603 post type-post status-publish format-standard has-post-thumbnail hentry category-gebaeudereinigung\">\n\t\t\t\t<a class=\"elementor-post__thumbnail__link\" href=\"https:\/\/stagewp.wowflow.com\/de\/gebaeudereinigung\/preise-kalkulieren\/\" tabindex=\"-1\">\n\t\t\t<div class=\"elementor-post__thumbnail\"><img loading=\"lazy\" decoding=\"async\" width=\"768\" height=\"430\" src=\"https:\/\/stagewp.wowflow.com\/wp-content\/uploads\/2022\/10\/Wowflow-Preise-kalkulieren-Hero-picture-768x430.webp?wsr\" class=\"attachment-medium_large size-medium_large wp-image-43256\" alt=\"\" srcset=\"https:\/\/stagewp.wowflow.com\/wp-content\/uploads\/2022\/10\/Wowflow-Preise-kalkulieren-Hero-picture-768x430.webp 768w, https:\/\/stagewp.wowflow.com\/wp-content\/uploads\/2022\/10\/Wowflow-Preise-kalkulieren-Hero-picture-300x168.webp 300w, https:\/\/stagewp.wowflow.com\/wp-content\/uploads\/2022\/10\/Wowflow-Preise-kalkulieren-Hero-picture-1024x574.webp 1024w, https:\/\/stagewp.wowflow.com\/wp-content\/uploads\/2022\/10\/Wowflow-Preise-kalkulieren-Hero-picture.webp 1456w\" sizes=\"auto, (max-width: 768px) 100vw, 768px\" \/><\/div>\n\t\t<\/a>\n\t\t\t\t<div class=\"elementor-post__text\">\n\t\t\t\t<h3 class=\"elementor-post__title\">\n\t\t\t<a href=\"https:\/\/stagewp.wowflow.com\/de\/gebaeudereinigung\/preise-kalkulieren\/\">\n\t\t\t\tSie haben Nichts zu verschenken? So berechnen Sie Stundens\u00e4tze in Ihrer Reinigungsfirma richtig!\t\t\t<\/a>\n\t\t<\/h3>\n\t\t\t\t<div class=\"elementor-post__excerpt\">\n\t\t\t<p>Dumping-Stundens\u00e4tze und die Reinigungsbranche sind \u2013 leider \u2013 eng miteinander vernetzt. Ein*e Anbieter*in will g\u00fcnstiger als der*die Andere sein. Womit die Reinigungsfirmen, die diese Strategie<\/p>\n\t\t<\/div>\n\t\t\t\t<\/div>\n\t\t\t\t<\/article>\n\t\t\t\t<article class=\"elementor-post elementor-grid-item post-20637 post type-post status-publish format-standard has-post-thumbnail hentry category-gebaeudereinigung\">\n\t\t\t\t<a class=\"elementor-post__thumbnail__link\" href=\"https:\/\/stagewp.wowflow.com\/de\/gebaeudereinigung\/reinigungsfirma-gruenden\/\" tabindex=\"-1\">\n\t\t\t<div class=\"elementor-post__thumbnail\"><img loading=\"lazy\" decoding=\"async\" width=\"768\" height=\"432\" src=\"https:\/\/stagewp.wowflow.com\/wp-content\/uploads\/2022\/10\/Wowflow-Reinigungsfirma-Gruenden-Hero-picture-e1704875287489-768x432.webp?wsr\" class=\"attachment-medium_large size-medium_large wp-image-43253\" alt=\"\" srcset=\"https:\/\/stagewp.wowflow.com\/wp-content\/uploads\/2022\/10\/Wowflow-Reinigungsfirma-Gruenden-Hero-picture-e1704875287489-768x432.webp 768w, https:\/\/stagewp.wowflow.com\/wp-content\/uploads\/2022\/10\/Wowflow-Reinigungsfirma-Gruenden-Hero-picture-e1704875287489-300x169.webp 300w, https:\/\/stagewp.wowflow.com\/wp-content\/uploads\/2022\/10\/Wowflow-Reinigungsfirma-Gruenden-Hero-picture-e1704875287489.webp 1024w\" sizes=\"auto, (max-width: 768px) 100vw, 768px\" \/><\/div>\n\t\t<\/a>\n\t\t\t\t<div class=\"elementor-post__text\">\n\t\t\t\t<h3 class=\"elementor-post__title\">\n\t\t\t<a href=\"https:\/\/stagewp.wowflow.com\/de\/gebaeudereinigung\/reinigungsfirma-gruenden\/\">\n\t\t\t\tReinigungsfirma gr\u00fcnden: Wie Sie Schritt f\u00fcr Schritt ein erfolgreiches Unternehmen aufbauen\t\t\t<\/a>\n\t\t<\/h3>\n\t\t\t\t<div class=\"elementor-post__excerpt\">\n\t\t\t<p>Die Gr\u00fcndung eines Reinigungsunternehmens erfordert sorgf\u00e4ltige \u00dcberlegungen. Zwar gibt es bereits viele bestehende Reinigungsunternehmen, doch sollten angehende Gr\u00fcnder bestimmte pers\u00f6nliche Voraussetzungen mitbringen. Wenn Sie eine<\/p>\n\t\t<\/div>\n\t\t\t\t<\/div>\n\t\t\t\t<\/article>\n\t\t\t\t<article class=\"elementor-post elementor-grid-item post-21167 post type-post status-publish format-standard has-post-thumbnail hentry category-gebaeudereinigung\">\n\t\t\t\t<a class=\"elementor-post__thumbnail__link\" href=\"https:\/\/stagewp.wowflow.com\/de\/gebaeudereinigung\/nachhaltigkeit\/\" tabindex=\"-1\">\n\t\t\t<div class=\"elementor-post__thumbnail\"><img loading=\"lazy\" decoding=\"async\" width=\"768\" height=\"430\" src=\"https:\/\/stagewp.wowflow.com\/wp-content\/uploads\/2022\/11\/Wowflow-Nachhaltigkeit-in-der-Reinigung-Hero-picture-768x430.webp?wsr\" class=\"attachment-medium_large size-medium_large wp-image-43808\" alt=\"\" srcset=\"https:\/\/stagewp.wowflow.com\/wp-content\/uploads\/2022\/11\/Wowflow-Nachhaltigkeit-in-der-Reinigung-Hero-picture-768x430.webp 768w, https:\/\/stagewp.wowflow.com\/wp-content\/uploads\/2022\/11\/Wowflow-Nachhaltigkeit-in-der-Reinigung-Hero-picture-300x168.webp 300w, https:\/\/stagewp.wowflow.com\/wp-content\/uploads\/2022\/11\/Wowflow-Nachhaltigkeit-in-der-Reinigung-Hero-picture-1024x574.webp 1024w, https:\/\/stagewp.wowflow.com\/wp-content\/uploads\/2022\/11\/Wowflow-Nachhaltigkeit-in-der-Reinigung-Hero-picture-1536x861.webp 1536w, https:\/\/stagewp.wowflow.com\/wp-content\/uploads\/2022\/11\/Wowflow-Nachhaltigkeit-in-der-Reinigung-Hero-picture-2048x1148.webp 2048w\" sizes=\"auto, (max-width: 768px) 100vw, 768px\" \/><\/div>\n\t\t<\/a>\n\t\t\t\t<div class=\"elementor-post__text\">\n\t\t\t\t<h3 class=\"elementor-post__title\">\n\t\t\t<a href=\"https:\/\/stagewp.wowflow.com\/de\/gebaeudereinigung\/nachhaltigkeit\/\">\n\t\t\t\tNachhaltigkeit in der Reinigung: So k\u00f6nnen Sie Ihre Reinigungsfirma nachhaltiger gestalten\t\t\t<\/a>\n\t\t<\/h3>\n\t\t\t\t<div class=\"elementor-post__excerpt\">\n\t\t\t<p>Nachhaltigkeit hier. Nachhaltigkeit da. Nachhaltigkeit in der Reinigung. Sie k\u00f6nnen es schon nicht mehr h\u00f6ren? Sollten Sie aber! Denn noch nie war das Thema aktueller<\/p>\n\t\t<\/div>\n\t\t\t\t<\/div>\n\t\t\t\t<\/article>\n\t\t\t\t<article class=\"elementor-post elementor-grid-item post-19956 post type-post status-publish format-standard has-post-thumbnail hentry category-gebaeudereinigung\">\n\t\t\t\t<a class=\"elementor-post__thumbnail__link\" href=\"https:\/\/stagewp.wowflow.com\/de\/gebaeudereinigung\/reinigungsfirma-gruenden\/lohnt-es-sich\/\" tabindex=\"-1\">\n\t\t\t<div class=\"elementor-post__thumbnail\"><img loading=\"lazy\" decoding=\"async\" width=\"768\" height=\"439\" src=\"https:\/\/stagewp.wowflow.com\/wp-content\/uploads\/2022\/06\/Wowflow-Lohnt-es-sich-eine-Reinigungsfirma-zu-grunden-Hero-picture-768x439.webp?wsr\" class=\"attachment-medium_large size-medium_large wp-image-43782\" alt=\"\" srcset=\"https:\/\/stagewp.wowflow.com\/wp-content\/uploads\/2022\/06\/Wowflow-Lohnt-es-sich-eine-Reinigungsfirma-zu-grunden-Hero-picture-768x439.webp 768w, https:\/\/stagewp.wowflow.com\/wp-content\/uploads\/2022\/06\/Wowflow-Lohnt-es-sich-eine-Reinigungsfirma-zu-grunden-Hero-picture-300x171.webp 300w, https:\/\/stagewp.wowflow.com\/wp-content\/uploads\/2022\/06\/Wowflow-Lohnt-es-sich-eine-Reinigungsfirma-zu-grunden-Hero-picture-1024x585.webp 1024w, https:\/\/stagewp.wowflow.com\/wp-content\/uploads\/2022\/06\/Wowflow-Lohnt-es-sich-eine-Reinigungsfirma-zu-grunden-Hero-picture-1536x878.webp 1536w, https:\/\/stagewp.wowflow.com\/wp-content\/uploads\/2022\/06\/Wowflow-Lohnt-es-sich-eine-Reinigungsfirma-zu-grunden-Hero-picture-2048x1170.webp 2048w\" sizes=\"auto, (max-width: 768px) 100vw, 768px\" \/><\/div>\n\t\t<\/a>\n\t\t\t\t<div class=\"elementor-post__text\">\n\t\t\t\t<h3 class=\"elementor-post__title\">\n\t\t\t<a href=\"https:\/\/stagewp.wowflow.com\/de\/gebaeudereinigung\/reinigungsfirma-gruenden\/lohnt-es-sich\/\">\n\t\t\t\tWelche rechtlichen, wirtschaftlichen und personellen Kennzahlen m\u00fcssen Reinigungsfirmen in \u00d6sterreich beachten?\t\t\t<\/a>\n\t\t<\/h3>\n\t\t\t\t<div class=\"elementor-post__excerpt\">\n\t\t\t<p>Diese drei Kennzahlen helfen Ihnen, Ihr Reinigungsunternehmen erfolgreicher zu f\u00fchren Nachdem wir uns schon mit den sieben wichtigsten Kennzahlen f\u00fcr den Bereich Facility Management auseinandergesetzt<\/p>\n\t\t<\/div>\n\t\t\t\t<\/div>\n\t\t\t\t<\/article>\n\t\t\t\t<\/div>\n\t\t\n\t\t\t\t\t\t<\/div>\n\t\t\t\t<\/div>\n\t\t\t\t<\/div>\n\t\t\t\t<\/div>\n\t\t\t\t\t<\/div>\n\t\t\t\t<\/div>\n\t\t\t\t<\/div>\n\t\t","protected":false},"excerpt":{"rendered":"<p>Professionelle Geb\u00e4udereinigung ist ein unverzichtbarer Bestandteil der Immobilienpflege. Mit einer fachkundigen Reinigung wird nicht nur die Optik des Geb\u00e4udes verbessert, sondern auch die Werterhaltung des Objekts gef\u00f6rdert. Inhalts\u00fcbersicht Was ist professionelle Geb\u00e4udereinigung? Eine professionelle Geb\u00e4udereinigung garantiert eine gr\u00fcndliche und effiziente Reinigung aller R\u00e4umlichkeiten. Hierzu geh\u00f6ren etwa die Reinigung von sanit\u00e4ren Anlagen, Fenstern und Fassaden sowie [&hellip;]<\/p>\n","protected":false},"author":16,"featured_media":41483,"parent":0,"menu_order":0,"comment_status":"closed","ping_status":"closed","template":"","meta":{"content-type":"","inline_featured_image":false,"footnotes":""},"pagetype":[344],"class_list":["post-32683","page","type-page","status-publish","has-post-thumbnail","hentry","pagetype-gebaudereinigung-de"],"_links":{"self":[{"href":"https:\/\/stagewp.wowflow.com\/de\/wp-json\/wp\/v2\/pages\/32683","targetHints":{"allow":["GET"]}}],"collection":[{"href":"https:\/\/stagewp.wowflow.com\/de\/wp-json\/wp\/v2\/pages"}],"about":[{"href":"https:\/\/stagewp.wowflow.com\/de\/wp-json\/wp\/v2\/types\/page"}],"author":[{"embeddable":true,"href":"https:\/\/stagewp.wowflow.com\/de\/wp-json\/wp\/v2\/users\/16"}],"replies":[{"embeddable":true,"href":"https:\/\/stagewp.wowflow.com\/de\/wp-json\/wp\/v2\/comments?post=32683"}],"version-history":[{"count":0,"href":"https:\/\/stagewp.wowflow.com\/de\/wp-json\/wp\/v2\/pages\/32683\/revisions"}],"wp:featuredmedia":[{"embeddable":true,"href":"https:\/\/stagewp.wowflow.com\/de\/wp-json\/wp\/v2\/media\/41483"}],"wp:attachment":[{"href":"https:\/\/stagewp.wowflow.com\/de\/wp-json\/wp\/v2\/media?parent=32683"}],"wp:term":[{"taxonomy":"pagetype","embeddable":true,"href":"https:\/\/stagewp.wowflow.com\/de\/wp-json\/wp\/v2\/pagetype?post=32683"}],"curies":[{"name":"wp","href":"https:\/\/api.w.org\/{rel}","templated":true}]}}